{"id":211,"date":"2023-10-20T08:21:34","date_gmt":"2023-10-20T08:21:34","guid":{"rendered":"https:\/\/thucphamphatloc.com\/?post_type=product&#038;p=211"},"modified":"2024-07-18T13:53:36","modified_gmt":"2024-07-18T13:53:36","slug":"vien-bac-ha","status":"publish","type":"product","link":"https:\/\/thucphamphatloc.com\/index.php\/product\/vien-bac-ha\/","title":{"rendered":"VI\u00caN B\u1ea0C H\u00c0 &#8211; VI\u00caM XOANG"},"content":{"rendered":"<p>S\u1ea3n ph\u1ea9m ph\u00f9 h\u1ee3p v\u1edbi ng\u01b0\u1eddi b\u1ecb vi\u00eam xoang, vi\u00eam m\u0169i d\u1ecb \u1ee9ng, h\u1eafc h\u01a1i, s\u1ed5 m\u0169i, c\u1ea3m m\u1ea1o.<\/p>\n","protected":false},"excerpt":{"rendered":"<p>S\u1ea3n ph\u1ea9m ph\u00f9 h\u1ee3p v\u1edbi ng\u01b0\u1eddi b\u1ecb vi\u00eam xoang, vi\u00eam m\u0169i d\u1ecb \u1ee9ng, h\u1eafc h\u01a1i, s\u1ed5 m\u0169i, c\u1ea3m m\u1ea1o.<\/p>\n","protected":false},"featured_media":212,"comment_status":"open","ping_status":"closed","template":"","meta":[],"product_cat":[17],"product_tag":[23],"class_list":["post-211","product","type-product","status-publish","has-post-thumbnail","hentry","product_cat-thuc-pham","product_tag-vien-bac-ha-ho-tro-viem-xoang"],"_links":{"self":[{"href":"https:\/\/thucphamphatloc.com\/index.php\/wp-json\/wp\/v2\/product\/211","targetHints":{"allow":["GET"]}}],"collection":[{"href":"https:\/\/thucphamphatloc.com\/index.php\/wp-json\/wp\/v2\/product"}],"about":[{"href":"https:\/\/thucphamphatloc.com\/index.php\/wp-json\/wp\/v2\/types\/product"}],"replies":[{"embeddable":true,"href":"https:\/\/thucphamphatloc.com\/index.php\/wp-json\/wp\/v2\/comments?post=211"}],"wp:featuredmedia":[{"embeddable":true,"href":"https:\/\/thucphamphatloc.com\/index.php\/wp-json\/wp\/v2\/media\/212"}],"wp:attachment":[{"href":"https:\/\/thucphamphatloc.com\/index.php\/wp-json\/wp\/v2\/media?parent=211"}],"wp:term":[{"taxonomy":"product_cat","embeddable":true,"href":"https:\/\/thucphamphatloc.com\/index.php\/wp-json\/wp\/v2\/product_cat?post=211"},{"taxonomy":"product_tag","embeddable":true,"href":"https:\/\/thucphamphatloc.com\/index.php\/wp-json\/wp\/v2\/product_tag?post=211"}],"curies":[{"name":"wp","href":"https:\/\/api.w.org\/{rel}","templated":true}]}}