{"id":159,"date":"2023-07-17T03:12:46","date_gmt":"2023-07-17T03:12:46","guid":{"rendered":"https:\/\/thucphamphatloc.com\/?post_type=product&#038;p=159"},"modified":"2025-06-24T09:59:00","modified_gmt":"2025-06-24T09:59:00","slug":"thoat-vi-dia-dem","status":"publish","type":"product","link":"https:\/\/thucphamphatloc.com\/index.php\/product\/thoat-vi-dia-dem\/","title":{"rendered":"TR\u00c0 TH\u1ea2O M\u1ed8C TH\u00c0NH NH\u1ef0T"},"content":{"rendered":"<p>S\u1ea3n ph\u1ea9m ph\u00f9 h\u1ee3p v\u1edbi ng\u01b0\u1eddi b\u1ecb tho\u00e1t v\u1ecb \u0111\u0129a \u0111\u1ec7m, vi\u00eam kh\u1edbp. S\u1ea3n ph\u1ea7m ho\u00e0n to\u00e0n t\u1eeb thi\u00ean nhi\u00ean, th\u1ea3o m\u1ed9c t\u1ef1 nhi\u00ean.<\/p>\n","protected":false},"excerpt":{"rendered":"<p>S\u1ea3n ph\u1ea9m ph\u00f9 h\u1ee3p v\u1edbi ng\u01b0\u1eddi b\u1ecb tho\u00e1t v\u1ecb \u0111\u0129a \u0111\u1ec7m, vi\u00eam kh\u1edbp. S\u1ea3n ph\u1ea7m ho\u00e0n to\u00e0n t\u1eeb thi\u00ean nhi\u00ean, th\u1ea3o m\u1ed9c t\u1ef1 nhi\u00ean.<\/p>\n","protected":false},"featured_media":286,"comment_status":"open","ping_status":"closed","template":"","meta":[],"product_cat":[17],"product_tag":[42],"class_list":["post-159","product","type-product","status-publish","has-post-thumbnail","hentry","product_cat-thuc-pham","product_tag-tra-thao-moc-thanh-nhut"],"_links":{"self":[{"href":"https:\/\/thucphamphatloc.com\/index.php\/wp-json\/wp\/v2\/product\/159","targetHints":{"allow":["GET"]}}],"collection":[{"href":"https:\/\/thucphamphatloc.com\/index.php\/wp-json\/wp\/v2\/product"}],"about":[{"href":"https:\/\/thucphamphatloc.com\/index.php\/wp-json\/wp\/v2\/types\/product"}],"replies":[{"embeddable":true,"href":"https:\/\/thucphamphatloc.com\/index.php\/wp-json\/wp\/v2\/comments?post=159"}],"wp:featuredmedia":[{"embeddable":true,"href":"https:\/\/thucphamphatloc.com\/index.php\/wp-json\/wp\/v2\/media\/286"}],"wp:attachment":[{"href":"https:\/\/thucphamphatloc.com\/index.php\/wp-json\/wp\/v2\/media?parent=159"}],"wp:term":[{"taxonomy":"product_cat","embeddable":true,"href":"https:\/\/thucphamphatloc.com\/index.php\/wp-json\/wp\/v2\/product_cat?post=159"},{"taxonomy":"product_tag","embeddable":true,"href":"https:\/\/thucphamphatloc.com\/index.php\/wp-json\/wp\/v2\/product_tag?post=159"}],"curies":[{"name":"wp","href":"https:\/\/api.w.org\/{rel}","templated":true}]}}