{"id":119,"date":"2023-07-01T04:26:20","date_gmt":"2023-07-01T04:26:20","guid":{"rendered":"https:\/\/thucphamphatloc.com\/?post_type=product&#038;p=119"},"modified":"2025-05-28T03:40:13","modified_gmt":"2025-05-28T03:40:13","slug":"tra-dinh-lang-phat-loc","status":"publish","type":"product","link":"https:\/\/thucphamphatloc.com\/index.php\/product\/tra-dinh-lang-phat-loc\/","title":{"rendered":"TR\u00c0 \u0110INH L\u0102NG"},"content":{"rendered":"<p>Tr\u00e0 \u0110inh L\u0103ng \u0111\u01b0\u1ee3c ch\u1ebf bi\u1ebfn t\u1eeb c\u00e2y \u0110inh L\u0103ng b\u1eb1ng c\u00f4ng ngh\u1ec7 hi\u1ec7n \u0111\u1ea1i, r\u1ea5t t\u1ed1t cho s\u1ee9c kh\u1ecfe. Ph\u00f9 h\u1ee3p\u00a0b\u1ed3i d\u01b0\u1ee1ng c\u01a1 th\u1ec3 \u1ed1m y\u1ebfu, gi\u00fap gi\u1ea5c ng\u1ee7 ngon &#8211; s\u00e2u h\u01a1n, c\u1ea3i thi\u1ec7n huy\u1ebft \u00e1p, k\u00edch th\u00edch v\u00e0 l\u00e0m t\u0103ng tuy\u1ebfn s\u1eefa cho ph\u1ee5 n\u1eef sau sinh.<\/p>\n<p>&nbsp;<\/p>\n","protected":false},"excerpt":{"rendered":"<p>Tr\u00e0 \u0110inh L\u0103ng t\u1ed1t cho s\u1ee9c kh\u1ecfe<\/p>\n","protected":false},"featured_media":213,"comment_status":"open","ping_status":"closed","template":"","meta":[],"product_cat":[17],"product_tag":[25,44,24],"class_list":["post-119","product","type-product","status-publish","has-post-thumbnail","hentry","product_cat-thuc-pham","product_tag-dinh-lang-tu-nhien","product_tag-tra-dinh-lang-thuc-pham-tot-cho-suc-khoe","product_tag-tra-thao-moc-dinh-lang"],"_links":{"self":[{"href":"https:\/\/thucphamphatloc.com\/index.php\/wp-json\/wp\/v2\/product\/119","targetHints":{"allow":["GET"]}}],"collection":[{"href":"https:\/\/thucphamphatloc.com\/index.php\/wp-json\/wp\/v2\/product"}],"about":[{"href":"https:\/\/thucphamphatloc.com\/index.php\/wp-json\/wp\/v2\/types\/product"}],"replies":[{"embeddable":true,"href":"https:\/\/thucphamphatloc.com\/index.php\/wp-json\/wp\/v2\/comments?post=119"}],"wp:featuredmedia":[{"embeddable":true,"href":"https:\/\/thucphamphatloc.com\/index.php\/wp-json\/wp\/v2\/media\/213"}],"wp:attachment":[{"href":"https:\/\/thucphamphatloc.com\/index.php\/wp-json\/wp\/v2\/media?parent=119"}],"wp:term":[{"taxonomy":"product_cat","embeddable":true,"href":"https:\/\/thucphamphatloc.com\/index.php\/wp-json\/wp\/v2\/product_cat?post=119"},{"taxonomy":"product_tag","embeddable":true,"href":"https:\/\/thucphamphatloc.com\/index.php\/wp-json\/wp\/v2\/product_tag?post=119"}],"curies":[{"name":"wp","href":"https:\/\/api.w.org\/{rel}","templated":true}]}}