{"id":34,"date":"2023-06-29T07:55:18","date_gmt":"2023-06-29T07:55:18","guid":{"rendered":"https:\/\/thucphamphatloc.com\/?page_id=34"},"modified":"2023-08-02T20:07:46","modified_gmt":"2023-08-02T20:07:46","slug":"blog","status":"publish","type":"page","link":"https:\/\/thucphamphatloc.com\/index.php\/blog\/","title":{"rendered":"Blog"},"content":{"rendered":"\n\t<section class=\"section\" id=\"section_1953404567\">\n\t\t<div class=\"bg section-bg fill bg-fill  bg-loaded\" >\n\n\t\t\t\n\t\t\t\n\t\t\t\n\n\t\t<\/div>\n\n\t\t\n\n\t\t<div class=\"section-content relative\">\n\t\t\t\n\n\n\t\t<\/div>\n\n\t\t\n<style>\n#section_1953404567 {\n  padding-top: 30px;\n  padding-bottom: 30px;\n}\n#section_1953404567 .ux-shape-divider--top svg {\n  height: 150px;\n  --divider-top-width: 100%;\n}\n#section_1953404567 .ux-shape-divider--bottom svg {\n  height: 150px;\n  --divider-width: 100%;\n}\n<\/style>\n\t<\/section>\n\t\n\n\n\n<p class=\"has-black-color has-text-color\" style=\"font-size:24px\"><strong>Vi\u00eam kh\u1edbp l\u00e0 g\u00ec? D\u1ea5u hi\u1ec7u nh\u1eadn bi\u1ebft s\u1edbm v\u00e0 c\u00e1ch ch\u1eefa tr\u1ecb<\/strong><\/p>\n\n\n\n<p>Vi\u00eam kh\u1edbp l\u00e0 b\u1ec7nh l\u00fd c\u00f3 th\u1ec3 xu\u1ea5t hi\u1ec7n \u1edf b\u1ea5t k\u1ef3 ai, x\u1ea3y ra quanh n\u0103m, nh\u1ea5t l\u00e0 v\u00e0o th\u1eddi \u0111i\u1ec3m giao m\u00f9a. Nh\u1eadn bi\u1ebft d\u1ea5u hi\u1ec7u vi\u00eam kh\u1edbp v\u00e0 \u0111i\u1ec1u tr\u1ecb ngay t\u1eeb s\u1edbm r\u1ea5t quan tr\u1ecdng, c\u00f3 th\u1ec3 h\u1ea1n ch\u1ebf t\u1ed5n th\u01b0\u01a1ng ph\u00e1 h\u1ee7y kh\u1edbp v\u00e0 ng\u0103n ng\u1eeba nhi\u1ec1u bi\u1ebfn ch\u1ee9ng kh\u00e1c.<\/p>\n\n\n\n<h2 class=\"wp-block-heading\">1. Vi\u00eam kh\u1edbp l\u00e0 g\u00ec?<\/h2>\n\n\n\n<p>Vi\u00eam kh\u1edbp l\u00e0 t\u00ecnh tr\u1ea1ng vi\u00eam, s\u01b0ng \u0111au \u1edf m\u1ed9t hay nhi\u1ec1u kh\u1edbp nh\u01b0 kh\u1edbp \u0111\u1ea7u g\u1ed1i, kh\u1edbp h\u00e1ng, kh\u1edbp vai, kh\u1edbp c\u1ed5 tay, kh\u1edbp c\u1ed5\u2026 \u0110\u00e2y l\u00e0 m\u1ed9t b\u1ec7nh l\u00fd th\u01b0\u1eddng g\u1eb7p, \u1ea3nh h\u01b0\u1edfng l\u1edbn \u0111\u1ebfn kh\u1ea3 n\u0103ng v\u1eadn \u0111\u1ed9ng c\u1ee7a kh\u1edbp, khi\u1ebfn ng\u01b0\u1eddi b\u1ec7nh g\u1eb7p nhi\u1ec1u kh\u00f3 kh\u0103n trong sinh ho\u1ea1t v\u00e0 th\u1ef1c hi\u1ec7n c\u00e1c c\u00f4ng vi\u1ec7c h\u00e0ng ng\u00e0y.<\/p>\n\n\n\n<p>C\u00f3 kho\u1ea3ng 100 lo\u1ea1i vi\u00eam kh\u1edbp, nh\u01b0ng th\u01b0\u1eddng g\u1eb7p nh\u1ea5t l\u00e0 vi\u00eam x\u01b0\u01a1ng kh\u1edbp (OA) v\u00e0 vi\u00eam kh\u1edbp d\u1ea1ng th\u1ea5p (RA).<\/p>\n\n\n\n<p><strong>Vi\u00eam x\u01b0\u01a1ng kh\u1edbp (OA)<\/strong>: L\u00e0 lo\u1ea1i vi\u00eam kh\u1edbp ph\u1ed5 bi\u1ebfn nh\u1ea5t, c\u00f3 \u1ea3nh h\u01b0\u1edfng \u0111\u1ebfn s\u1ee5n kh\u1edbp \u2013 l\u1edbp m\u00f4 bao b\u1ecdc c\u00e1c \u0111\u1ea7u x\u01b0\u01a1ng, c\u00f3 vai tr\u00f2 gi\u1ea3m ma s\u00e1t v\u00e0 gi\u00fap c\u00e1c \u0111\u1ea7u x\u01b0\u01a1ng tr\u01b0\u1ee3t l\u00ean nhau d\u1ec5 d\u00e0ng khi kh\u1edbp chuy\u1ec3n \u0111\u1ed9ng. Khi b\u1ecb vi\u00eam, vi\u1ec7c c\u1eed \u0111\u1ed9ng kh\u1edbp s\u1ebd tr\u1edf n\u00ean kh\u00f3 kh\u0103n h\u01a1n b\u00ecnh th\u01b0\u1eddng. L\u00e2u ng\u00e0y, l\u1edbp s\u1ee5n s\u1ebd d\u1ea7n th\u00f4 r\u00e1p v\u00e0 m\u1ecfng \u0111i, h\u00ecnh th\u00e0nh c\u00e1c gai x\u01b0\u01a1ng, l\u00e0m thay \u0111\u1ed5i h\u00ecnh d\u1ea1ng kh\u1edbp, th\u1eadm ch\u00ed c\u00e1c x\u01b0\u01a1ng l\u1ec7ch kh\u1ecfi v\u1ecb tr\u00ed b\u00ecnh th\u01b0\u1eddng.<\/p>\n\n\n\n<p><strong>Vi\u00eam kh\u1edbp d\u1ea1ng th\u1ea5p (RA)<\/strong>: L\u00e0 b\u1ec7nh l\u00fd kh\u1edbp t\u1ef1 mi\u1ec5n m\u1ea1n t\u00ednh, x\u1ea3y ra khi h\u1ec7 th\u1ed1ng mi\u1ec5n d\u1ecbch c\u1ee7a c\u01a1 th\u1ec3 t\u1ef1 t\u1ea5n c\u00f4ng v\u00e0o c\u00e1c kh\u1edbp (v\u1ecb tr\u00ed t\u1ed5n th\u01b0\u01a1ng \u0111\u1ea7u ti\u00ean l\u00e0 m\u00e0ng ho\u1ea1t d\u1ecbch c\u1ee7a kh\u1edbp), d\u1eabn \u0111\u1ebfn \u0111au v\u00e0 s\u01b0ng. N\u1eef gi\u1edbi m\u1eafc vi\u00eam kh\u1edbp d\u1ea1ng th\u1ea5p nhi\u1ec1u h\u01a1n nam gi\u1edbi, trong \u0111\u00f3 ph\u1ee5 n\u1eef \u1edf \u0111\u1ed9 tu\u1ed5i trung ni\u00ean (tr\u00ean 40 tu\u1ed5i) c\u00f3 t\u1ef7 l\u1ec7 m\u1eafc cao.<\/p>\n\n\n\n<h2 class=\"wp-block-heading\">2. Ai d\u1ec5 b\u1ecb vi\u00eam kh\u1edbp?<\/h2>\n\n\n\n<p>Ai c\u0169ng c\u00f3 th\u1ec3 b\u1ecb vi\u00eam kh\u1edbp, k\u1ec3 c\u1ea3 tr\u1ebb em nh\u01b0ng hay g\u1eb7p \u1edf c\u00e1c \u0111\u1ed1i t\u01b0\u1ee3ng nh\u01b0:<\/p>\n\n\n\n<ul class=\"wp-block-list\">\n<li>Ng\u01b0\u1eddi cao tu\u1ed5i c\u00f3 t\u1ef7 l\u1ec7 m\u1eafc c\u00e1c b\u1ec7nh vi\u00eam kh\u1edbp cao h\u01a1n do qu\u00e1 tr\u00ecnh l\u00e3o h\u00f3a t\u1ef1 nhi\u00ean hay do c\u00e1c t\u1ed5n th\u01b0\u01a1ng t\u00edch t\u1ee5 theo th\u1eddi gian.<\/li>\n\n\n\n<li>N\u1eef gi\u1edbi c\u00f3 nguy c\u01a1 m\u1eafc b\u1ec7nh cao h\u01a1n so v\u1edbi nam gi\u1edbi.<\/li>\n\n\n\n<li>Ng\u01b0\u1eddi lao \u0111\u1ed9ng n\u1eb7ng nh\u1ecdc, ng\u1ed3i l\u00e2u trong m\u1ed9t t\u01b0 th\u1ebf.<\/li>\n\n\n\n<li>Ng\u01b0\u1eddi th\u1eeba c\u00e2n, b\u00e9o ph\u00ec.<\/li>\n\n\n\n<li>\u0110\u1ed1i t\u01b0\u1ee3ng m\u1eafc b\u1ec7nh r\u1ed1i lo\u1ea1n trao \u0111\u1ed5i ch\u1ea5t, b\u1ec7nh h\u1ec7 th\u1ed1ng mi\u1ec5n d\u1ecbch, r\u1ed1i lo\u1ea1n di truy\u1ec1n.<\/li>\n<\/ul>\n\n\n\n<h2 class=\"wp-block-heading\">3. D\u1ea5u hi\u1ec7u nh\u1eadn bi\u1ebft s\u1edbm b\u1ec7nh vi\u00eam kh\u1edbp<\/h2>\n\n\n\n<p>Khi kh\u1edbp b\u1ecb vi\u00eam, ng\u01b0\u1eddi b\u1ec7nh c\u00f3 th\u1ec3 nh\u1eadn th\u1ea5y c\u00e1c tri\u1ec7u ch\u1ee9ng nh\u01b0 sau:&nbsp;<\/p>\n\n\n\n<p><strong>\u0110au kh\u1edbp<\/strong>: Kh\u1edbp xu\u1ea5t hi\u1ec7n c\u00e1c c\u01a1n \u0111au kh\u00f3 ch\u1ecbu, ngay c\u1ea3 khi ngh\u1ec9 ng\u01a1i. C\u01a1n \u0111au t\u0103ng khi v\u1eadn \u0111\u1ed9ng, v\u1ec1 \u0111\u00eam, th\u1eddi ti\u1ebft thay \u0111\u1ed5i\u2026<\/p>\n\n\n\n<p><strong>Gi\u1ea3m kh\u1ea3 n\u0103ng v\u1eadn \u0111\u1ed9ng c\u1ee7a kh\u1edbp<\/strong>: Do m\u1ed7i l\u1ea7n c\u1eed \u0111\u1ed9ng, c\u01a1n \u0111au kh\u1edbp c\u00e0ng d\u1eef d\u1ed9i h\u01a1n n\u00ean ng\u01b0\u1eddi b\u1ec7nh r\u1ea5t ng\u1ea1i v\u1eadn \u0111\u1ed9ng kh\u1edbp.<\/p>\n\n\n\n<p><a href=\"https:\/\/acc.vn\/ban-biet-gi-ve-chung-cung-khop-tim-hieu-ngay\/\"><strong>C\u1ee9ng kh\u1edbp<\/strong><\/a>: \u0110\u00e2y l\u00e0 m\u1ed9t tri\u1ec7u ch\u1ee9ng \u0111i\u1ec3n h\u00ecnh c\u1ee7a vi\u00eam kh\u1edbp. Ng\u01b0\u1eddi b\u1ec7nh c\u1ea3m th\u1ea5y kh\u00f3 c\u1eed \u0111\u1ed9ng kh\u1edbp, bi\u1ec3u hi\u1ec7n r\u00f5 nh\u1ea5t l\u00e0 v\u00e0o bu\u1ed5i s\u00e1ng sau khi th\u1ee9c d\u1eady, sau khi ng\u1ed3i v\u00e0o b\u00e0n l\u00e0m vi\u1ec7c ho\u1eb7c sau khi ng\u1ed3i trong \u00f4 t\u00f4 m\u1ed9t th\u1eddi gian d\u00e0i.<\/p>\n\n\n\n<p><a href=\"https:\/\/acc.vn\/viem-sung-khop-lieu-co-binh-thuong-nhu-ban-tuong\/\"><strong>S\u01b0ng kh\u1edbp<\/strong><\/a>: Kh\u1edbp b\u1ecb s\u01b0ng do ph\u1ea3n \u1ee9ng vi\u00eam, th\u01b0\u1eddng g\u1eb7p khi m\u1eafc c\u00e1c b\u1ec7nh l\u00fd vi\u00eam kh\u1edbp c\u1ea5p t\u00ednh.<\/p>\n\n\n\n<p><strong>Bi\u1ebfn d\u1ea1ng kh\u1edbp<\/strong>: Kh\u1edbp b\u1ecb bi\u1ebfn d\u1ea1ng, khi c\u1eed \u0111\u1ed9ng kh\u1edbp, nghe th\u1ea5y ti\u1ebfng l\u1ea1o x\u1ea1o.<\/p>\n\n\n\n<p><strong>C\u00e1c tri\u1ec7u ch\u1ee9ng kh\u00e1c<\/strong>: V\u00f9ng da quanh kh\u1edbp b\u1ecb \u0111\u1ecf, ng\u01b0\u1eddi b\u1ec7nh m\u1ec7t m\u1ecfi, s\u1ed1t, ph\u00e1t ban, s\u1ee5t c\u00e2n\u2026<\/p>\n\n\n\n<h2 class=\"wp-block-heading\">4. Nguy\u00ean nh\u00e2n g\u00e2y vi\u00eam kh\u1edbp<\/h2>\n\n\n\n<p>C\u00f3 r\u1ea5t nhi\u1ec1u nguy\u00ean nh\u00e2n g\u00e2y vi\u00eam kh\u1edbp, bao g\u1ed3m:<\/p>\n\n\n\n<h3 class=\"wp-block-heading\">4.1. Do c\u00e1c nguy\u00ean nh\u00e2n t\u1ea1i kh\u1edbp<\/h3>\n\n\n\n<ul class=\"wp-block-list\">\n<li>Vi\u00eam s\u1ee5n.<\/li>\n\n\n\n<li><a href=\"https:\/\/acc.vn\/thoai-hoa-khop-dau-hieu-doi-tuong-va-cach-tri-dut-diem\/\">Tho\u00e1i h\u00f3a kh\u1edbp<\/a>.<\/li>\n\n\n\n<li>S\u1ee5n kh\u1edbp b\u1ecb b\u00e0o m\u00f2n.<\/li>\n\n\n\n<li>Nhi\u1ec5m khu\u1ea9n t\u1ea1i kh\u1edbp.<\/li>\n<\/ul>\n\n\n\n<h3 class=\"wp-block-heading\">4.2. Do c\u00e1c nguy\u00ean nh\u00e2n b\u00ean ngo\u00e0i<\/h3>\n\n\n\n<ul class=\"wp-block-list\">\n<li>Ch\u1ea5n th\u01b0\u01a1ng kh\u1edbp do tai n\u1ea1n, khi ch\u01a1i th\u1ec3 thao\u2026<\/li>\n\n\n\n<li>R\u1ed1i lo\u1ea1n chuy\u1ec3n h\u00f3a.<\/li>\n\n\n\n<li>R\u1ed1i lo\u1ea1n ch\u1ee9c n\u0103ng mi\u1ec5n d\u1ecbch g\u00e2y ra c\u00e1c t\u1ed5n th\u01b0\u01a1ng t\u1ea1i kh\u1edbp.<\/li>\n\n\n\n<li>Di truy\u1ec1n (<a href=\"https:\/\/acc.vn\/viem-khop-dang-thap-trieu-chung-nguyen-nhan-va-cach-dieu-tri\/\">vi\u00eam kh\u1edbp d\u1ea1ng th\u1ea5p<\/a>,&nbsp;<a href=\"https:\/\/acc.vn\/dieu-tri-viem-cot-song-dinh-khop\/\">vi\u00eam c\u1ed9t s\u1ed1ng d\u00ednh kh\u1edbp<\/a>\u2026).<\/li>\n<\/ul>\n\n\n\n<p>Ngo\u00e0i ra, c\u00e1c y\u1ebfu t\u1ed1 sau c\u0169ng l\u00e0m t\u0103ng nguy c\u01a1 m\u1eafc b\u1ec7nh vi\u00eam kh\u1edbp:<\/p>\n\n\n\n<ul class=\"wp-block-list\">\n<li><strong>Tu\u1ed5i t\u00e1c<\/strong>: C\u00e0ng l\u1edbn tu\u1ed5i, nguy c\u01a1 m\u1eafc nhi\u1ec1u lo\u1ea1i vi\u00eam kh\u1edbp c\u00e0ng t\u0103ng.<\/li>\n\n\n\n<li><strong>Gi\u1edbi t\u00ednh<\/strong>: Ph\u1ee5 n\u1eef c\u00f3 nhi\u1ec1u kh\u1ea3 n\u0103ng b\u1ecb vi\u00eam kh\u1edbp d\u1ea1ng th\u1ea5p h\u01a1n nam gi\u1edbi. Tuy nhi\u00ean, m\u1ed9t s\u1ed1 \u00edt b\u1ec7nh v\u1ec1 kh\u1edbp l\u1ea1i ph\u1ed5 bi\u1ebfn h\u01a1n \u1edf nam, ch\u1eb3ng h\u1ea1n nh\u01b0 b\u1ec7nh gout.<\/li>\n\n\n\n<li><strong>B\u00e9o ph\u00ec<\/strong>. C\u00e2n n\u1eb7ng qu\u00e1 m\u1ee9c s\u1ebd g\u00e2y c\u0103ng th\u1eb3ng cho c\u00e1c kh\u1edbp, \u0111\u1eb7c bi\u1ec7t l\u00e0 \u0111\u1ea7u g\u1ed1i, h\u00f4ng v\u00e0 c\u1ed9t s\u1ed1ng c\u1ee7a b\u1ea1n. Nh\u1eefng ng\u01b0\u1eddi b\u1ecb b\u00e9o ph\u00ec c\u00f3 nguy c\u01a1 cao b\u1ecb vi\u00eam kh\u1edbp.<\/li>\n\n\n\n<li><strong>Ch\u1ebf \u0111\u1ed9 dinh d\u01b0\u1ee1ng<\/strong>: Ch\u1ebf \u0111\u1ed9 \u0103n u\u1ed1ng gi\u00e0u purine (h\u1ea3i s\u1ea3n, th\u1ecbt \u0111\u1ecf) v\u00e0 r\u01b0\u1ee3u bia d\u1ec5 d\u1eabn \u0111\u1ebfn b\u1ec7nh gout.<\/li>\n\n\n\n<li><strong>Thu\u1ed1c l\u00e1<\/strong>: Th\u01b0\u1eddng xuy\u00ean h\u00fat thu\u1ed1c l\u00e1 t\u1ea1o \u0111i\u1ec1u ki\u1ec7n cho b\u1ec7nh vi\u00eam kh\u1edbp d\u1ea1ng th\u1ea5p kh\u1edfi ph\u00e1t c\u0169ng nh\u01b0 l\u00e0 t\u00e1c nh\u00e2n khi\u1ebfn b\u1ec7nh th\u00eam tr\u1ea7m tr\u1ecdng.<\/li>\n<\/ul>\n\n\n\n<h2 class=\"wp-block-heading\">5. Vi\u00eam kh\u1edbp c\u00f3 nguy hi\u1ec3m kh\u00f4ng n\u1ebfu ch\u1eefa tr\u1ecb mu\u1ed9n?<\/h2>\n\n\n\n<p>Vi\u00eam kh\u1edbp khi m\u1edbi kh\u1edfi ph\u00e1t \u0111\u00e3 g\u00e2y ra c\u00e1c c\u01a1n \u0111au nh\u1ee9c, s\u01b0ng \u0111\u1ecf kh\u00f3 ch\u1ecbu. \u0110i\u1ec1u n\u00e0y \u0111\u00e3 g\u00e2y ra kh\u00f4ng \u00edt b\u1ea5t ti\u1ec7n trong sinh ho\u1ea1t th\u01b0\u1eddng ng\u00e0y.<\/p>\n\n\n\n<p>\u0110\u1eb7c bi\u1ec7t, n\u1ebfu l\u01a1 l\u00e0, kh\u00f4ng \u0111i\u1ec1u tr\u1ecb s\u1edbm, b\u1ec7nh s\u1ebd ti\u1ebfn tri\u1ec3n n\u1eb7ng h\u01a1n, t\u00e1i ph\u00e1t nhi\u1ec1u l\u1ea7n. L\u00fac n\u00e0y, ng\u01b0\u1eddi b\u1ec7nh kh\u00f4ng ch\u1ec9 b\u1ecb \u201ch\u00e0nh h\u1ea1\u201d b\u1edfi nh\u1eefng c\u01a1n \u0111au kh\u1edbp, c\u1ee9ng kh\u1edbp, gi\u1ea3m ch\u1ee9c n\u0103ng v\u1eadn \u0111\u1ed9ng kh\u1edbp m\u00e0 c\u00f2n ph\u1ea3i \u0111\u1ed1i m\u1eb7t v\u1edbi nhi\u1ec1u bi\u1ebfn ch\u1ee9ng nguy hi\u1ec3m nh\u01b0 teo c\u01a1, d\u00ednh kh\u1edbp, bi\u1ebfn d\u1ea1ng kh\u1edbp. Nghi\u00eam tr\u1ecdng h\u01a1n c\u00f3 th\u1ec3 g\u00e2y b\u1ea1i li\u1ec7t, t\u00e0n ph\u1ebf su\u1ed1t \u0111\u1eddi.<\/p>\n\n\n\n<h2 class=\"wp-block-heading\">6. Ph\u01b0\u01a1ng ph\u00e1p ch\u1ea9n \u0111o\u00e1n v\u00e0 ch\u1eefa tr\u1ecb<\/h2>\n\n\n\n<p>Ch\u1ea9n \u0111o\u00e1n v\u00e0 ch\u1eefa tr\u1ecb b\u1ec7nh c\u00e0ng s\u1edbm, kh\u1ea3 n\u0103ng h\u1ed3i ph\u1ee5c c\u00e0ng cao v\u00e0 gi\u00fap ph\u00f2ng tr\u00e1nh \u0111\u01b0\u1ee3c nhi\u1ec1u bi\u1ebfn ch\u1ee9ng nguy hi\u1ec3m.<\/p>\n\n\n\n<h3 class=\"wp-block-heading\">6.1. Ch\u1ea9n \u0111o\u00e1n b\u1ec7nh vi\u00eam kh\u1edbp<\/h3>\n\n\n\n<p>B\u1ec7nh vi\u00eam kh\u1edbp c\u00f3 th\u1ec3 \u0111\u01b0\u1ee3c ch\u1ea9n \u0111o\u00e1n th\u00f4ng qua:<\/p>\n\n\n\n<ul class=\"wp-block-list\">\n<li><strong>C\u00e1c tri\u1ec7u ch\u1ee9ng l\u00e2m s\u00e0ng<\/strong>: B\u00e1c s\u0129 s\u1ebd trao \u0111\u1ed5i v\u1edbi ng\u01b0\u1eddi b\u1ec7nh \u0111\u1ec3 bi\u1ebft \u0111\u01b0\u1ee3c h\u1ecd \u0111ang g\u1eb7p ph\u1ea3i c\u00e1c tri\u1ec7u ch\u1ee9ng g\u00ec.<\/li>\n\n\n\n<li><strong>X\u00e9t nghi\u1ec7m m\u00e1u<\/strong>: X\u00e9t nghi\u1ec7m c\u00e1c y\u1ebfu t\u1ed1 vi\u00eam (t\u1ed1c \u0111\u1ed9 m\u00e1u l\u1eafng, CRP, b\u1ea1ch c\u1ea7u\u2026), x\u00e9t nghi\u1ec7m mi\u1ec5n d\u1ecbch (y\u1ebfu t\u1ed1 th\u1ea5p RF, anti CCP).<\/li>\n\n\n\n<li><strong>Ch\u1ea9n \u0111o\u00e1n h\u00ecnh \u1ea3nh<\/strong>: Si\u00eau \u00e2m kh\u1edbp, ch\u1ee5p X-quang kh\u1edbp, ch\u1ee5p CT, ch\u1ee5p MRI, x\u1ea1 h\u00ecnh x\u01b0\u01a1ng.<\/li>\n<\/ul>\n\n\n\n<h3 class=\"wp-block-heading\">6.2. C\u00e1c ph\u01b0\u01a1ng ph\u00e1p \u0111i\u1ec1u tr\u1ecb<\/h3>\n\n\n\n<p>\u0110i\u1ec1u tr\u1ecb vi\u00eam kh\u1edbp nh\u1eb1m m\u1ee5c \u0111\u00edch ki\u1ec3m so\u00e1t c\u01a1n \u0111au, gi\u1ea3m thi\u1ec3u t\u1ed5n th\u01b0\u01a1ng kh\u1edbp, c\u1ea3i thi\u1ec7n ch\u1ea5t l\u01b0\u1ee3ng cu\u1ed9c s\u1ed1ng. M\u1ed9t s\u1ed1 c\u00e1ch ch\u1eefa b\u1ec7nh vi\u00eam kh\u1edbp c\u00f3 th\u1ec3 k\u1ec3 \u0111\u1ebfn nh\u01b0:<\/p>\n\n\n\n<h4 class=\"wp-block-heading\">C\u00e1ch ch\u1eefa b\u1ec7nh vi\u00eam kh\u1edbp b\u1eb1ng thu\u1ed1c<\/h4>\n\n\n\n<p>C\u00e1c lo\u1ea1i thu\u1ed1c th\u01b0\u1eddng \u0111\u01b0\u1ee3c s\u1eed d\u1ee5ng \u0111\u1ec3 gi\u1ea3m \u0111au do vi\u00eam kh\u1edbp nh\u01b0:<\/p>\n\n\n\n<ul class=\"wp-block-list\">\n<li><strong>Thu\u1ed1c gi\u1ea3m \u0111au<\/strong>: L\u00e0 lo\u1ea1i thu\u1ed1c gi\u1ea3m \u0111au nh\u01b0ng kh\u00f4ng c\u00f3 t\u00e1c d\u1ee5ng gi\u1ea3m vi\u00eam, v\u00ed d\u1ee5 nh\u01b0 Paracetamol, Tramadol\u2026<\/li>\n\n\n\n<li><strong>Thu\u1ed1c ch\u1ed1ng vi\u00eam kh\u00f4ng steroid (NSAID)<\/strong>: Thu\u1ed1c c\u00f3 t\u00e1c d\u1ee5ng gi\u1ea3m \u0111au v\u00e0 gi\u1ea3m vi\u00eam, bao g\u1ed3m: Ibuprofen, Naproxen natri. M\u1ed9t s\u1ed1 lo\u1ea1i thu\u1ed1c NSAID c\u00f2n c\u00f3 s\u1eb5n d\u01b0\u1edbi d\u1ea1ng gel, kem, mi\u1ebfng d\u00e1n \u0111\u01b0\u1ee3c ch\u1ec9 \u0111\u1ecbnh cho t\u1eebng v\u1ecb tr\u00ed kh\u1edbp c\u1ee5 th\u1ec3.<\/li>\n\n\n\n<li><strong>Thu\u1ed1c \u1ee9c ch\u1ebf mi\u1ec5n d\u1ecbch<\/strong>: Methotrexate, Hydroxychloroquine c\u00f3 th\u1ec3 \u0111\u01b0\u1ee3c ch\u1ec9 \u0111\u1ecbnh \u0111\u1ec3 l\u00e0m ch\u1eadm ho\u1eb7c ng\u0103n ch\u1eb7n h\u1ec7 th\u1ed1ng mi\u1ec5n d\u1ecbch t\u1ea5n c\u00f4ng c\u00e1c kh\u1edbp.<\/li>\n\n\n\n<li><strong>Thu\u1ed1c c\u00f3 t\u00e1c d\u1ee5ng ch\u1ed1ng tho\u00e1i h\u00f3a t\u00e1c d\u1ee5ng ch\u1eadm<\/strong>: V\u00ed d\u1ee5 \u0111i\u1ec3n h\u00ecnh l\u00e0 Glucosamin\u2026<\/li>\n\n\n\n<li><strong>Thu\u1ed1c ch\u1ee9a Corticosteroid<\/strong>: C\u00f3 t\u00e1c d\u1ee5ng gi\u1ea3m vi\u00eam, gi\u1ea3m s\u01b0ng, \u0111\u1ecf da, vi\u00eam kh\u1edbp.<\/li>\n<\/ul>\n\n\n\n<p>D\u00f9ng thu\u1ed1c c\u00f3 th\u1ec3 \u201cc\u1eaft\u201d nhanh c\u01a1n \u0111au, nh\u01b0ng l\u01b0u \u00fd khi s\u1eed d\u1ee5ng thu\u1ed1c c\u1ea7n tu\u00e2n th\u1ee7 \u0111\u00fang ch\u1ec9 \u0111\u1ecbnh c\u1ee7a b\u00e1c s\u0129 chuy\u00ean khoa ho\u1eb7c h\u01b0\u1edbng d\u1eabn c\u1ee7a d\u01b0\u1ee3c s\u0129. T\u1ef1 \u00fd t\u0103ng li\u1ec1u l\u01b0\u1ee3ng thu\u1ed1c ho\u1eb7c l\u1ea1m d\u1ee5ng thu\u1ed1c trong th\u1eddi gian d\u00e0i c\u00f3 th\u1ec3 d\u1eabn \u0111\u1ebfn nhi\u1ec1u t\u00e1c d\u1ee5ng ph\u1ee5 nguy hi\u1ec3m cho s\u1ee9c kh\u1ecfe.<\/p>\n\n\n\n<h4 class=\"wp-block-heading\">\u0110i\u1ec1u tr\u1ecb ngo\u1ea1i khoa (ph\u1eabu thu\u1eadt)<\/h4>\n\n\n\n<p>Trong m\u1ed9t s\u1ed1 tr\u01b0\u1eddng h\u1ee3p, b\u1ec7nh vi\u00eam kh\u1edbp ti\u1ebfn tri\u1ec3n n\u1eb7ng, c\u00e1c ph\u01b0\u01a1ng ph\u00e1p \u0111i\u1ec1u tr\u1ecb kh\u00e1c kh\u00f4ng mang l\u1ea1i hi\u1ec7u qu\u1ea3 ho\u1eb7c kh\u1edbp kh\u00f4ng c\u1eed \u0111\u1ed9ng \u0111\u01b0\u1ee3c, b\u00e1c s\u0129 c\u00f3 th\u1ec3 ch\u1ec9 \u0111\u1ecbnh ph\u1eabu thu\u1eadt \u0111\u1ec3 c\u1ea3i thi\u1ec7n t\u00ecnh tr\u1ea1ng b\u1ec7nh. Tuy nhi\u00ean, ph\u01b0\u01a1ng ph\u00e1p n\u00e0y t\u1ed3n t\u1ea1i nhi\u1ec1u r\u1ee7i ro cho s\u1ee9c kh\u1ecfe nh\u01b0 nhi\u1ec5m tr\u00f9ng, g\u00e2y \u0111au \u0111\u1edbn v\u00e0 m\u1ea5t nhi\u1ec1u th\u1eddi gian h\u1ed3i ph\u1ee5c.<\/p>\n\n\n\n<h4 class=\"wp-block-heading\">Th\u01b0\u1eddng xuy\u00ean t\u1eadp luy\u1ec7n th\u1ec3 thao, \u0103n u\u1ed1ng l\u00e0nh m\u1ea1nh<\/h4>\n\n\n\n<p>\u0110\u00e2y l\u00e0 c\u00e1ch ch\u1eefa vi\u00eam kh\u1edbp \u0111\u01a1n gi\u1ea3n, d\u1ec5 d\u00e0ng th\u1ef1c hi\u1ec7n t\u1ea1i nh\u00e0. B\u1eb1ng c\u00e1ch th\u01b0\u1eddng xuy\u00ean t\u1eadp luy\u1ec7n th\u1ec3 thao v\u00e0 thay \u0111\u1ed5i ch\u1ebf \u0111\u1ed9 \u0103n u\u1ed1ng h\u00e0ng ng\u00e0y s\u1ebd g\u00f3p ph\u1ea7n c\u1ea3i thi\u1ec7n ph\u1ea7n n\u00e0o c\u00e1c c\u01a1n \u0111au do vi\u00eam kh\u1edbp.<\/p>\n\n\n\n<p>T\u1eadp luy\u1ec7n th\u1ec3 d\u1ee5c, th\u1ec3 thao th\u01b0\u1eddng xuy\u00ean kh\u00f4ng ch\u1ec9 mang l\u1ea1i nhi\u1ec1u l\u1ee3i \u00edch cho s\u1ee9c kh\u1ecfe t\u1ed5ng th\u1ec3 m\u00e0 c\u00f2n r\u1ea5t t\u1ed1t cho ng\u01b0\u1eddi b\u1ecb vi\u00eam kh\u1edbp. Tuy nhi\u00ean, ng\u01b0\u1eddi b\u1ec7nh ch\u1ec9 n\u00ean t\u1eadp luy\u1ec7n nh\u1eb9 nh\u00e0ng nh\u01b0 \u0111i b\u1ed9 ch\u1eadm, t\u1eadp yoga\u2026 Ngo\u00e0i ra, b\u01a1i c\u0169ng l\u00e0 m\u00f4n th\u1ec3 thao t\u1ed1t cho ng\u01b0\u1eddi vi\u00eam kh\u1edbp, tuy nhi\u00ean c\u1ea7n t\u1eadp luy\u1ec7n v\u1eeba s\u1ee9c.<\/p>\n\n\n\n<p>V\u1ec1 ch\u1ebf \u0111\u1ed9 \u0103n u\u1ed1ng, ng\u01b0\u1eddi b\u1ec7nh n\u00ean t\u0103ng c\u01b0\u1eddng b\u1ed5 sung c\u00e1c lo\u1ea1i ng\u0169 c\u1ed1c, rau c\u1ee7 v\u00e0 tr\u00e1i c\u00e2y, c\u00e1, c\u00e1c lo\u1ea1i h\u1ea1t, \u0111\u1eadu, d\u1ea7u oliu. Tr\u00e1nh th\u1ef1c ph\u1ea9m tinh ch\u1ebf, ch\u1ebf bi\u1ebfn s\u1eb5n, nhi\u1ec1u d\u1ea7u m\u1ee1.<\/p>\n","protected":false},"excerpt":{"rendered":"<p>Vi\u00eam kh\u1edbp l\u00e0 g\u00ec? D\u1ea5u hi\u1ec7u nh\u1eadn bi\u1ebft s\u1edbm v\u00e0 c\u00e1ch ch\u1eefa tr\u1ecb Vi\u00eam kh\u1edbp l\u00e0 b\u1ec7nh l\u00fd c\u00f3 th\u1ec3 xu\u1ea5t hi\u1ec7n \u1edf b\u1ea5t k\u1ef3 ai, x\u1ea3y ra quanh n\u0103m, nh\u1ea5t l\u00e0 v\u00e0o th\u1eddi \u0111i\u1ec3m giao m\u00f9a. Nh\u1eadn bi\u1ebft d\u1ea5u hi\u1ec7u vi\u00eam kh\u1edbp v\u00e0 \u0111i\u1ec1u tr\u1ecb ngay t\u1eeb s\u1edbm r\u1ea5t quan tr\u1ecdng, c\u00f3 th\u1ec3 h\u1ea1n [&#8230;]\n","protected":false},"author":1,"featured_media":139,"parent":0,"menu_order":0,"comment_status":"closed","ping_status":"closed","template":"","meta":{"footnotes":""},"class_list":["post-34","page","type-page","status-publish","has-post-thumbnail","hentry"],"_links":{"self":[{"href":"https:\/\/thucphamphatloc.com\/index.php\/wp-json\/wp\/v2\/pages\/34","targetHints":{"allow":["GET"]}}],"collection":[{"href":"https:\/\/thucphamphatloc.com\/index.php\/wp-json\/wp\/v2\/pages"}],"about":[{"href":"https:\/\/thucphamphatloc.com\/index.php\/wp-json\/wp\/v2\/types\/page"}],"author":[{"embeddable":true,"href":"https:\/\/thucphamphatloc.com\/index.php\/wp-json\/wp\/v2\/users\/1"}],"replies":[{"embeddable":true,"href":"https:\/\/thucphamphatloc.com\/index.php\/wp-json\/wp\/v2\/comments?post=34"}],"version-history":[{"count":5,"href":"https:\/\/thucphamphatloc.com\/index.php\/wp-json\/wp\/v2\/pages\/34\/revisions"}],"predecessor-version":[{"id":204,"href":"https:\/\/thucphamphatloc.com\/index.php\/wp-json\/wp\/v2\/pages\/34\/revisions\/204"}],"wp:featuredmedia":[{"embeddable":true,"href":"https:\/\/thucphamphatloc.com\/index.php\/wp-json\/wp\/v2\/media\/139"}],"wp:attachment":[{"href":"https:\/\/thucphamphatloc.com\/index.php\/wp-json\/wp\/v2\/media?parent=34"}],"curies":[{"name":"wp","href":"https:\/\/api.w.org\/{rel}","templated":true}]}}