{"id":10,"date":"2023-06-29T07:25:42","date_gmt":"2023-06-29T07:25:42","guid":{"rendered":"https:\/\/thucphamphatloc.com\/?page_id=10"},"modified":"2025-05-25T03:13:02","modified_gmt":"2025-05-25T03:13:02","slug":"gioi-thieu","status":"publish","type":"page","link":"https:\/\/thucphamphatloc.com\/index.php\/gioi-thieu\/","title":{"rendered":"Gi\u1edbi thi\u1ec7u"},"content":{"rendered":"\n\t<section class=\"section\" id=\"section_1232655538\">\n\t\t<div class=\"bg section-bg fill bg-fill  bg-loaded\" >\n\n\t\t\t\n\t\t\t\n\t\t\t\n\n\t\t<\/div>\n\n\t\t\n\n\t\t<div class=\"section-content relative\">\n\t\t\t\n\n<div class=\"row\"  id=\"row-199576220\">\n\n\n\t<div id=\"col-1873931887\" class=\"col small-12 large-12\"  >\n\t\t\t\t<div class=\"col-inner\"  >\n\t\t\t\n\t\t\t\n\n<h3>Gi\u1edbi thi\u1ec7u<\/h3>\n<p>C\u01a1 s\u1edf s\u1ea3n xu\u1ea5t <strong>Ph\u00e1t L\u1ed9c <\/strong>l\u00e0 m\u1ed9t \u0111\u01a1n v\u1ecb s\u1ea3n xu\u1ea5t \u0111\u01b0\u1ee3c th\u00e0nh l\u1eadp t\u1eeb n\u0103m 2020 t\u1ea1i huy\u1ec7n Thanh B\u00ecnh, t\u1ec9nh \u0110\u1ed3ng Th\u00e1p, \u0111\u00e3 \u0111\u01b0\u1ee3c Ph\u00f2ng T\u00e0i ch\u00ednh &#8211; K\u1ebf ho\u1ea1ch huy\u1ec7n Thanh B\u00ecnh c\u1ea5p Gi\u1ea5y ch\u1ee9ng nh\u1eadn \u0111\u0103ng k\u00fd kinh doanh.<\/p>\n<p>Tr\u1ea3i qua h\u01a1n 3 n\u0103m \u0111\u1ea7u t\u01b0 x\u00e2y d\u1ef1ng v\u00e0 ho\u00e0n thi\u1ec7n, C\u01a1 s\u1edf <strong>Ph\u00e1t L\u1ed9c<\/strong> \u0111\u00e3 \u0111\u01b0\u1ee3c Chi c\u1ee5c An to\u00e0n V\u1ec7 sinh Th\u1ef1c ph\u1ea9m &#8211; S\u1edf Y t\u1ebf t\u1ec9nh \u0110\u1ed3ng Th\u00e1p c\u1ea5p Gi\u1ea5y ch\u1ee9ng nh\u1eadn C\u01a1 s\u1edf \u0111\u1ee7 \u0111i\u1ec1u ki\u1ec7n An to\u00e0n Th\u1ef1c ph\u1ea9m theo quy \u0111\u1ecbnh. Gi\u1ea5y ch\u1ee9ng nh\u1eadn \u0111\u01b0\u1ee3c c\u1ea5p cho c\u00e1c s\u1ea3n ph\u1ea9m n\u01b0\u1edbc u\u1ed1ng \u0111\u00f3ng chai, th\u1ef1c ph\u1ea9m b\u1ed5 sung\u00a0 (d\u1ea1ng vi\u00ean n\u00e9n, d\u1ea1ng b\u1ed9t, d\u1ea1ng dung d\u1ecbch) s\u1ea3n xu\u1ea5t t\u1ea1i C\u01a1 s\u1edf <strong>Ph\u00e1t L\u1ed9c<\/strong>.<\/p>\n<p>C\u00e1c s\u1ea3n ph\u1ea9m th\u1ef1c ph\u1ea9m b\u1ed5 sung \u0111\u01b0\u1ee3c c\u01a1 s\u1edf <strong>Ph\u00e1t L\u1ed9c<\/strong>, \u0111\u1ee9ng \u0111\u1ea7u l\u00e0 \u00d4ng <strong>Ph\u1ea1m Th\u00e0nh Nh\u1ef1t<\/strong>, nghi\u00ean c\u1ee9u v\u00e0 ph\u00e1t tri\u1ec3n \u0111\u1ec1u xu\u1ea5t ph\u00e1t t\u1eeb c\u00e1c c\u00e2y th\u1ea3o m\u1ed9c t\u1eeb \u0111\u1ecba ph\u01b0\u01a1ng Thanh B\u00ecnh, \u0110\u1ed3ng Th\u00e1p, mang nhi\u1ec1u n\u00e9t \u0111\u1eb7c tr\u01b0ng c\u1ee7a qu\u00ea h\u01b0\u01a1ng Thanh B\u00ecnh.<\/p>\n<p>D\u00f9 c\u01a1 s\u1edf c\u00f2n non tr\u1ebb, nh\u01b0ng c\u00e1c s\u1ea3n ph\u1ea9m \u0111\u01b0\u1ee3c C\u01a1 s\u1edf <strong>Ph\u00e1t L\u1ed9c<\/strong> s\u1ea3n xu\u1ea5t \u0111\u00e3 c\u00f3 m\u1eb7t \u1edf h\u1ea7u kh\u1eafp c\u00e1c t\u1ec9nh th\u00e0nh trong n\u01b0\u1edbc, \u0111\u01b0\u1ee3c ng\u01b0\u1eddi ti\u00eau d\u00f9ng t\u00edn nhi\u1ec7m v\u00e0 \u0111\u00e1nh gi\u00e1 cao.<\/p>\n<p>Nh\u00e2n \u0111\u00e2y, \u00d4ng <strong>Ph\u1ea1m Th\u00e0nh Nh\u1ef1t,<\/strong> c\u0169ng nh\u01b0 C\u01a1 s\u1edf <strong>Ph\u00e1t L\u1ed9c<\/strong> tr\u00e2n tr\u1ecdng \u0111\u01b0\u1ee3c g\u1eedi l\u1eddi c\u1ea3m \u01a1n t\u1edbi kh\u00e1ch h\u00e0ng \u0111\u00e3 t\u00edn nhi\u1ec7m s\u1eed d\u1ee5ng v\u00e0 \u1ee7ng h\u1ed9 c\u00e1c s\u1ea3n ph\u1ea9m \u0111\u01b0\u1ee3c s\u1ea3n xu\u1ea5t v\u00e0 ph\u00e1t tri\u1ec3n b\u1edfi <strong>Ph\u00e1t L\u1ed9c<\/strong>; ch\u00e2n th\u00e0nh c\u1ea3m \u01a1n c\u00e1c \u0111\u1ea1i l\u00fd, nh\u00e0 ph\u00e2n ph\u1ed1i \u0111\u00e3 t\u1eebng b\u01b0\u1edbc \u0111\u1ed3ng h\u00e0nh gi\u00fap s\u1ea3n ph\u1ea9m t\u1edbi tay ng\u01b0\u1eddi ti\u00eau d\u00f9ng.<\/p>\n<p>\u00a0<\/p>\n<p>\u00a0<\/p>\n\n\n\t\t<\/div>\n\t\t\t\t\t<\/div>\n\n\t\n\n<\/div>\n\n\t\t<\/div>\n\n\t\t\n<style>\n#section_1232655538 {\n  padding-top: 30px;\n  padding-bottom: 30px;\n}\n#section_1232655538 .ux-shape-divider--top svg {\n  height: 150px;\n  --divider-top-width: 100%;\n}\n#section_1232655538 .ux-shape-divider--bottom svg {\n  height: 150px;\n  --divider-width: 100%;\n}\n<\/style>\n\t<\/section>\n\t\n\n","protected":false},"excerpt":{"rendered":"","protected":false},"author":1,"featured_media":0,"parent":0,"menu_order":0,"comment_status":"closed","ping_status":"closed","template":"","meta":{"footnotes":""},"class_list":["post-10","page","type-page","status-publish","hentry"],"_links":{"self":[{"href":"https:\/\/thucphamphatloc.com\/index.php\/wp-json\/wp\/v2\/pages\/10","targetHints":{"allow":["GET"]}}],"collection":[{"href":"https:\/\/thucphamphatloc.com\/index.php\/wp-json\/wp\/v2\/pages"}],"about":[{"href":"https:\/\/thucphamphatloc.com\/index.php\/wp-json\/wp\/v2\/types\/page"}],"author":[{"embeddable":true,"href":"https:\/\/thucphamphatloc.com\/index.php\/wp-json\/wp\/v2\/users\/1"}],"replies":[{"embeddable":true,"href":"https:\/\/thucphamphatloc.com\/index.php\/wp-json\/wp\/v2\/comments?post=10"}],"version-history":[{"count":5,"href":"https:\/\/thucphamphatloc.com\/index.php\/wp-json\/wp\/v2\/pages\/10\/revisions"}],"predecessor-version":[{"id":280,"href":"https:\/\/thucphamphatloc.com\/index.php\/wp-json\/wp\/v2\/pages\/10\/revisions\/280"}],"wp:attachment":[{"href":"https:\/\/thucphamphatloc.com\/index.php\/wp-json\/wp\/v2\/media?parent=10"}],"curies":[{"name":"wp","href":"https:\/\/api.w.org\/{rel}","templated":true}]}}